{"id":34977,"date":"2024-05-12T16:00:10","date_gmt":"2024-05-12T14:00:10","guid":{"rendered":"https:\/\/www.eurocol.it\/products\/alien-x-recharge-hybrid\/"},"modified":"2025-02-14T15:39:51","modified_gmt":"2025-02-14T14:39:51","slug":"alien-x-recharge-hybrid","status":"publish","type":"product","link":"https:\/\/www.eurocol.it\/en\/products\/alien-x-recharge-hybrid\/","title":{"rendered":"alien x recharge hybrid"},"content":{"rendered":"\t\t<div data-elementor-type=\"wp-post\" data-elementor-id=\"34977\" class=\"elementor elementor-34977 elementor-34614\">\n\t\t\t\t\t\t<section class=\"elementor-section elementor-top-section elementor-element elementor-element-37c9eeb elementor-section-boxed elementor-section-height-default elementor-section-height-default\" data-id=\"37c9eeb\" data-element_type=\"section\" data-e-type=\"section\">\n\t\t\t\t\t\t<div class=\"elementor-container elementor-column-gap-default\">\n\t\t\t\t\t<div class=\"elementor-column elementor-col-100 elementor-top-column elementor-element elementor-element-a0bc794\" data-id=\"a0bc794\" data-element_type=\"column\" data-e-type=\"column\">\n\t\t\t<div class=\"elementor-widget-wrap elementor-element-populated\">\n\t\t\t\t\t\t<div class=\"elementor-element elementor-element-b32c66a elementor-widget elementor-widget-spacer\" data-id=\"b32c66a\" data-element_type=\"widget\" data-e-type=\"widget\" data-widget_type=\"spacer.default\">\n\t\t\t\t<div class=\"elementor-widget-container\">\n\t\t\t\t\t\t\t<div class=\"elementor-spacer\">\n\t\t\t<div class=\"elementor-spacer-inner\"><\/div>\n\t\t<\/div>\n\t\t\t\t\t\t<\/div>\n\t\t\t\t<\/div>\n\t\t\t\t<div class=\"elementor-element elementor-element-d27c209 elementor-widget elementor-widget-shortcode\" data-id=\"d27c209\" data-element_type=\"widget\" data-e-type=\"widget\" data-widget_type=\"shortcode.default\">\n\t\t\t\t<div class=\"elementor-widget-container\">\n\t\t\t\t\t\t\t<div class=\"elementor-shortcode\"><div class=\"vsd-model-viewer-wrapper\">\n\t\t\t\t<div class=\"vsd-model-viewer-frame ratio-landscape ratio-mobile-portrait\">\n\t\t\t\t\t<div id=\"vsd-model-viewer-34685\" class=\"vsd-model-viewer vsd-model-viewer-inline  vsd-button-float-bottom-right vsd-button-align-right\">\n\t\t\t\t\t<button class=\"vsd-model-viewer-close-button\"><span class=\"vsd-model-viewer-close-button-icon\"><img decoding=\"async\" class=\"vsd-base-icon\" src=\"https:\/\/www.eurocol.it\/wp-content\/plugins\/visody-3d-product-viewer\/public\/img\/close.svg\" width=\"24\" height=\"24\" alt=\"Close icon\"><\/span><span class=\"screen-reader-text\">Close 3D product viewer<\/span><\/button><button class=\"vsd-model-viewer-zoom-in-button\" data-title=\"alien x recharge hybrid\"><span class=\"vsd-model-viewer-zoom-in-button-icon\"><img decoding=\"async\" class=\"vsd-base-icon\" src=\"https:\/\/www.eurocol.it\/wp-content\/plugins\/visody-3d-product-viewer\/public\/img\/zoom-in-icon.svg\" width=\"24\" height=\"24\" alt=\"Zoom in icon\"><\/span><span class=\"screen-reader-text\">Zoom in on model<\/span><\/button><button class=\"vsd-model-viewer-zoom-out-button\" data-title=\"alien x recharge hybrid\"><span class=\"vsd-model-viewer-zoom-out-button-icon\"><img decoding=\"async\" class=\"vsd-base-icon\" src=\"https:\/\/www.eurocol.it\/wp-content\/plugins\/visody-3d-product-viewer\/public\/img\/zoom-out-icon.svg\" width=\"24\" height=\"24\" alt=\"Zoom out icon\"><\/span><span class=\"screen-reader-text\">Zoom out on model<\/span><\/button><model-viewer src=\"https:\/\/www.eurocol.it\/wp-content\/uploads\/2025\/02\/AlienX-Recharge-con-carrello_lowpoly_01.glb\" data-base_model_url=\"https:\/\/www.eurocol.it\/wp-content\/uploads\/2025\/02\/AlienX-Recharge-con-carrello_lowpoly_01.glb\" interaction-prompt=\"none\" camera-controls touch-action=\"pan-y\" ar ar-placement=\"floor\" ar-scale=\"fixed\" shadow-intensity=\"1\" data-intensity=\"1\" shadow-softness=\"1\" data-softness=\"1\" min-field-of-view=\"30deg\" auto-rotate auto-rotate-delay=\"0\"><div slot=\"progress-bar\" class=\"vsd-model-viewer-loader\"><div class=\"vsd-model-viewer-loader-bar\"><div class=\"vsd-model-viewer-loader-progress\"><\/div><\/div><\/div><button class=\"vsd-model-viewer-ar-button\" slot=\"ar-button\"><span class=\"vsd-model-viewer-ar-button-icon\"><img loading=\"lazy\" decoding=\"async\" class=\"vsd-base-icon\" src=\"https:\/\/www.eurocol.it\/wp-content\/plugins\/visody-3d-product-viewer\/public\/img\/ar-icon.svg\" width=\"24\" height=\"24\" alt=\"AR icon\"><\/span><span class=\"screen-reader-text\">View model in AR<\/span><svg width=\"32px\" height=\"32px\" class=\"vsd-loader-icon\" xmlns=\"http:\/\/www.w3.org\/2000\/svg\" viewBox=\"0 0 100 100\" preserveAspectRatio=\"xMidYMid\" class=\"lds-rolling\" style=\"background: none;\"><circle cx=\"50\" cy=\"50\" fill=\"none\" stroke-width=\"6\" r=\"35\" stroke-dasharray=\"164.93361431346415 56.97787143782138\" transform=\"rotate(36 50 50)\"><animateTransform attributeName=\"transform\" type=\"rotate\" calcMode=\"linear\" values=\"0 50 50;360 50 50\" keyTimes=\"0;1\" dur=\"1s\" begin=\"0s\" repeatCount=\"indefinite\"\/><\/circle><\/svg><\/button><div class=\"vsd-ar-failed hide\">AR is not supported on this device<\/div><\/model-viewer>\n\t\t\t\t\t\n\t\t\t\t\t<\/div>\n\t\t\t\t<\/div>\n\t\t\t\t\n\t\t\t<\/div><\/div>\n\t\t\t\t\t\t<\/div>\n\t\t\t\t<\/div>\n\t\t\t\t\t<\/div>\n\t\t<\/div>\n\t\t\t\t\t<\/div>\n\t\t<\/section>\n\t\t\t\t<section class=\"elementor-section elementor-top-section elementor-element elementor-element-4f9dc58 elementor-section-boxed elementor-section-height-default elementor-section-height-default\" data-id=\"4f9dc58\" data-element_type=\"section\" data-e-type=\"section\">\n\t\t\t\t\t\t<div class=\"elementor-container elementor-column-gap-default\">\n\t\t\t\t\t<div class=\"elementor-column elementor-col-100 elementor-top-column elementor-element elementor-element-8f03dbc\" data-id=\"8f03dbc\" data-element_type=\"column\" data-e-type=\"column\">\n\t\t\t<div class=\"elementor-widget-wrap elementor-element-populated\">\n\t\t\t\t\t\t<div class=\"elementor-element elementor-element-e452aa1 elementor-widget elementor-widget-text-editor\" data-id=\"e452aa1\" data-element_type=\"widget\" data-e-type=\"widget\" data-widget_type=\"text-editor.default\">\n\t\t\t\t<div class=\"elementor-widget-container\">\n\t\t\t\t\t\t\t\t\t<p class=\"p1\"><b>We present the third generation of <\/b><b>alien X, even more advanced and even more <\/b><b>slim and ergonomic.<\/b><\/p>\n<p class=\"p2\"><b>alien X <\/b><i>the true and only multipurpose <\/i><i>suitable for working in every department <\/i>alien X has now reached its third generation guaranteeing truly unparalleled quality. <span style=\"text-decoration: underline;\">The arch is connected to the electrical network, there are no cables between the arch and the trolley but the trolley is connected to the electrical network.<\/span><\/p>\n<p class=\"p1\"><strong>New Cooling System<\/strong><\/p>\n<p class=\"p2\"><b>WAD<\/b><i> (Water Aided Dissipation)<\/i> is a cooling system for the X-ray tube. Thanks to the combination of dielectric oil management inside the complex, the coolant and the advanced heat exchanger, the system avoids the presence of fans.<\/p>\n<p class=\"p2\"><b>EHC<\/b> (Eurocolumbus Heat Control) guarantees real-time control of the heat produced with immediate actions to modify frames\/sec, pulses and radiological and imaging parameters to ensure optimal system operation and avoid overheating.<\/p>\t\t\t\t\t\t\t\t<\/div>\n\t\t\t\t<\/div>\n\t\t\t\t\t<\/div>\n\t\t<\/div>\n\t\t\t\t\t<\/div>\n\t\t<\/section>\n\t\t\t\t<section class=\"elementor-section elementor-top-section elementor-element elementor-element-67dcae3 elementor-section-boxed elementor-section-height-default elementor-section-height-default\" data-id=\"67dcae3\" data-element_type=\"section\" data-e-type=\"section\">\n\t\t\t\t\t\t<div class=\"elementor-container elementor-column-gap-default\">\n\t\t\t\t\t<div class=\"elementor-column elementor-col-100 elementor-top-column elementor-element elementor-element-c3b433c\" data-id=\"c3b433c\" data-element_type=\"column\" data-e-type=\"column\">\n\t\t\t<div class=\"elementor-widget-wrap elementor-element-populated\">\n\t\t\t\t\t\t<div class=\"elementor-element elementor-element-5abbc6a elementor-widget elementor-widget-text-editor\" data-id=\"5abbc6a\" data-element_type=\"widget\" data-e-type=\"widget\" data-widget_type=\"text-editor.default\">\n\t\t\t\t<div class=\"elementor-widget-container\">\n\t\t\t\t\t\t\t\t\t<p class=\"p2\"><b><i>ERGONOMICS<\/i><\/b><\/p>\n<p class=\"p3\">alien X is easy to maneuver, thanks to the twin wheels made of antistatic material and with minimal footprint on the floor, but also to the optimal weight distribution and ergonomic movement handles with perfect force distribution.<\/p>\n<p class=\"p3\">Simple features that make positioning the device simple and easy, even under the operating table.<\/p>\n<p class=\"p3\"><b>alien X has perfect balance in every\u00a0<\/b><b>position<\/b>, with the ability to memorize up to 4 positions of the arch in space plus the zero positions. The motorized movements can be synchronized with each other and, thanks to the anti-collision sensors on the FPD and RX side (with the possibility of setting the intervention distance), you can reach the chosen positions quickly and in total safety.<\/p>\n<p class=\"p1\"><b>Recalling the position is simple: just press<\/b><b>a single button.<\/b><\/p>\n<p class=\"p1\">Finally, Alien X supports the operator with a revolutionary GUI that connects the colors of the movements visible on the Full HD touch monitor with those of the handles, making the interaction intuitive and immediate.<\/p>\t\t\t\t\t\t\t\t<\/div>\n\t\t\t\t<\/div>\n\t\t\t\t<div class=\"elementor-element elementor-element-f957593 elementor-widget elementor-widget-spacer\" data-id=\"f957593\" data-element_type=\"widget\" data-e-type=\"widget\" data-widget_type=\"spacer.default\">\n\t\t\t\t<div class=\"elementor-widget-container\">\n\t\t\t\t\t\t\t<div class=\"elementor-spacer\">\n\t\t\t<div class=\"elementor-spacer-inner\"><\/div>\n\t\t<\/div>\n\t\t\t\t\t\t<\/div>\n\t\t\t\t<\/div>\n\t\t\t\t<div class=\"elementor-element elementor-element-dfb041e elementor-widget elementor-widget-lte-button\" data-id=\"dfb041e\" data-element_type=\"widget\" data-e-type=\"widget\" data-widget_type=\"lte-button.default\">\n\t\t\t\t<div class=\"elementor-widget-container\">\n\t\t\t\t\t<div class=\"lte-btn-wrap\">\n\t<a href=\"https:\/\/www.eurocol.it\/wp-content\/uploads\/2025\/02\/ALIENX_ENrecharge_w.pdf\"  target=\"_blank\"  class=\"lte-btn btn-lg color-hover-default\"><span class=\"lte-btn-inner\"><span class=\"lte-btn-before\"><\/span>Brochure<span class=\"lte-btn-after\"><\/span><\/span><\/a><\/div>\t\t\t\t<\/div>\n\t\t\t\t<\/div>\n\t\t\t\t<div class=\"elementor-element elementor-element-57d7140 elementor-widget elementor-widget-spacer\" data-id=\"57d7140\" data-element_type=\"widget\" data-e-type=\"widget\" data-widget_type=\"spacer.default\">\n\t\t\t\t<div class=\"elementor-widget-container\">\n\t\t\t\t\t\t\t<div class=\"elementor-spacer\">\n\t\t\t<div class=\"elementor-spacer-inner\"><\/div>\n\t\t<\/div>\n\t\t\t\t\t\t<\/div>\n\t\t\t\t<\/div>\n\t\t\t\t<div class=\"elementor-element elementor-element-6122268 elementor-widget elementor-widget-spacer\" data-id=\"6122268\" data-element_type=\"widget\" data-e-type=\"widget\" data-widget_type=\"spacer.default\">\n\t\t\t\t<div class=\"elementor-widget-container\">\n\t\t\t\t\t\t\t<div class=\"elementor-spacer\">\n\t\t\t<div class=\"elementor-spacer-inner\"><\/div>\n\t\t<\/div>\n\t\t\t\t\t\t<\/div>\n\t\t\t\t<\/div>\n\t\t\t\t\t<\/div>\n\t\t<\/div>\n\t\t\t\t\t<\/div>\n\t\t<\/section>\n\t\t\t\t<\/div>\n\t\t","protected":false},"excerpt":{"rendered":"<div class=\"woocommerce-product-details__short-description\">\n<p><b>Alien X Recharge<\/b> \u00e8 dotato dei software pi\u00f9 avanzati per offrire prestazioni senza pari:<\/p>\n<p><u>Acquisizione tridimensionale<\/u>: per immagini dettagliate e accurate in tempo reale. (opzionale)<br \/>\n<u>Fusion<\/u>: integra immagini tridimensionali con quelle bidimensionali per una diagnosi pi\u00f9 precisa. (opzionale)<br \/>\n<u>Synchro<\/u>: monitora la posizione del nostro letto di imaging CT70 T Evolution nello spazio, garantendo una perfetta sincronizzazione. (opzionale).<\/p>\n<p><b>Generatori ad alta frequenza<\/b><br \/>\nI sistemi EPB ed EPA sono stati stato specificatamente sviluppati da Eurocolumbus per ap\u00adplicazioni cliniche che richiedono elevati picchi di potenza istantanea, consentendo il prelievo di energia da impianti elettrici esistenti e dotati di prese elettriche da 13-16 A.<\/p>\n<p><b>Perch\u00e9 non usiamo il sistema a monoblocco?<\/b><br \/>\nPerch\u00e9 solo cos\u00ec \u00e8 possibile utilizzare tubi con capacit\u00e0 anodiche pi\u00f9 elevate e con ingombri minori rispetto alla tecnologia monoblocco. In un sistema a monoblocco il calore prodotto dal tubo radiogeno si somma a quello prodotto dal generatore.<\/p>\n<\/div>\n","protected":false},"featured_media":34778,"comment_status":"closed","ping_status":"closed","template":"elementor_header_footer","meta":{"inline_featured_image":false},"product_brand":[],"product_cat":[647,645],"product_tag":[648],"class_list":{"0":"post-34977","1":"product","2":"type-product","3":"status-publish","4":"has-post-thumbnail","6":"product_cat-alien-x-en","7":"product_cat-eurocolumbus-en","8":"product_tag-battery-en","11":"first","12":"outofstock","13":"shipping-taxable","14":"product-type-simple"},"yoast_head":"<!-- This site is optimized with the Yoast SEO plugin v27.3 - https:\/\/yoast.com\/product\/yoast-seo-wordpress\/ -->\n<title>alien x recharge hybrid - www.eurocol.it<\/title>\n<meta name=\"robots\" content=\"index, follow, max-snippet:-1, max-image-preview:large, max-video-preview:-1\" \/>\n<link rel=\"canonical\" href=\"https:\/\/www.eurocol.it\/en\/products\/alien-x-recharge-hybrid\/\" \/>\n<meta property=\"og:locale\" content=\"en_US\" \/>\n<meta property=\"og:type\" content=\"article\" \/>\n<meta property=\"og:title\" content=\"alien x recharge hybrid - www.eurocol.it\" \/>\n<meta property=\"og:description\" content=\"Alien X Recharge \u00e8 dotato dei software pi\u00f9 avanzati per offrire prestazioni senza pari:  Acquisizione tridimensionale: per immagini dettagliate e accurate in tempo reale. (opzionale) Fusion: integra immagini tridimensionali con quelle bidimensionali per una diagnosi pi\u00f9 precisa. (opzionale) Synchro: monitora la posizione del nostro letto di imaging CT70 T Evolution nello spazio, garantendo una perfetta sincronizzazione. (opzionale).  Generatori ad alta frequenza I sistemi EPB ed EPA sono stati stato specificatamente sviluppati da Eurocolumbus per ap\u00adplicazioni cliniche che richiedono elevati picchi di potenza istantanea, consentendo il prelievo di energia da impianti elettrici esistenti e dotati di prese elettriche da 13-16 A.  Perch\u00e9 non usiamo il sistema a monoblocco? Perch\u00e9 solo cos\u00ec \u00e8 possibile utilizzare tubi con capacit\u00e0 anodiche pi\u00f9 elevate e con ingombri minori rispetto alla tecnologia monoblocco. In un sistema a monoblocco il calore prodotto dal tubo radiogeno si somma a quello prodotto dal generatore.\" \/>\n<meta property=\"og:url\" content=\"https:\/\/www.eurocol.it\/en\/products\/alien-x-recharge-hybrid\/\" \/>\n<meta property=\"og:site_name\" content=\"www.eurocol.it\" \/>\n<meta property=\"article:modified_time\" content=\"2025-02-14T14:39:51+00:00\" \/>\n<meta property=\"og:image\" content=\"https:\/\/www.eurocol.it\/wp-content\/uploads\/2024\/05\/MODELLI_0007_ALIEN-X-HYBRID.jpg\" \/>\n\t<meta property=\"og:image:width\" content=\"1500\" \/>\n\t<meta property=\"og:image:height\" content=\"1000\" \/>\n\t<meta property=\"og:image:type\" content=\"image\/jpeg\" \/>\n<meta name=\"twitter:card\" content=\"summary_large_image\" \/>\n<script type=\"application\/ld+json\" class=\"yoast-schema-graph\">{\"@context\":\"https:\\\/\\\/schema.org\",\"@graph\":[{\"@type\":\"WebPage\",\"@id\":\"https:\\\/\\\/www.eurocol.it\\\/en\\\/products\\\/alien-x-recharge-hybrid\\\/\",\"url\":\"https:\\\/\\\/www.eurocol.it\\\/en\\\/products\\\/alien-x-recharge-hybrid\\\/\",\"name\":\"alien x recharge hybrid - www.eurocol.it\",\"isPartOf\":{\"@id\":\"https:\\\/\\\/eurocol.it\\\/#website\"},\"primaryImageOfPage\":{\"@id\":\"https:\\\/\\\/www.eurocol.it\\\/en\\\/products\\\/alien-x-recharge-hybrid\\\/#primaryimage\"},\"image\":{\"@id\":\"https:\\\/\\\/www.eurocol.it\\\/en\\\/products\\\/alien-x-recharge-hybrid\\\/#primaryimage\"},\"thumbnailUrl\":\"https:\\\/\\\/www.eurocol.it\\\/wp-content\\\/uploads\\\/2024\\\/05\\\/MODELLI_0007_ALIEN-X-HYBRID.jpg\",\"datePublished\":\"2024-05-12T14:00:10+00:00\",\"dateModified\":\"2025-02-14T14:39:51+00:00\",\"breadcrumb\":{\"@id\":\"https:\\\/\\\/www.eurocol.it\\\/en\\\/products\\\/alien-x-recharge-hybrid\\\/#breadcrumb\"},\"inLanguage\":\"en-US\",\"potentialAction\":[{\"@type\":\"ReadAction\",\"target\":[\"https:\\\/\\\/www.eurocol.it\\\/en\\\/products\\\/alien-x-recharge-hybrid\\\/\"]}]},{\"@type\":\"ImageObject\",\"inLanguage\":\"en-US\",\"@id\":\"https:\\\/\\\/www.eurocol.it\\\/en\\\/products\\\/alien-x-recharge-hybrid\\\/#primaryimage\",\"url\":\"https:\\\/\\\/www.eurocol.it\\\/wp-content\\\/uploads\\\/2024\\\/05\\\/MODELLI_0007_ALIEN-X-HYBRID.jpg\",\"contentUrl\":\"https:\\\/\\\/www.eurocol.it\\\/wp-content\\\/uploads\\\/2024\\\/05\\\/MODELLI_0007_ALIEN-X-HYBRID.jpg\",\"width\":1500,\"height\":1000},{\"@type\":\"BreadcrumbList\",\"@id\":\"https:\\\/\\\/www.eurocol.it\\\/en\\\/products\\\/alien-x-recharge-hybrid\\\/#breadcrumb\",\"itemListElement\":[{\"@type\":\"ListItem\",\"position\":1,\"name\":\"Home\",\"item\":\"https:\\\/\\\/www.eurocol.it\\\/en\\\/\"},{\"@type\":\"ListItem\",\"position\":2,\"name\":\"Products\",\"item\":\"https:\\\/\\\/www.eurocol.it\\\/en\\\/shop\\\/\"},{\"@type\":\"ListItem\",\"position\":3,\"name\":\"alien x recharge hybrid\"}]},{\"@type\":\"WebSite\",\"@id\":\"https:\\\/\\\/eurocol.it\\\/#website\",\"url\":\"https:\\\/\\\/eurocol.it\\\/\",\"name\":\"Eurocolumbus c-arm evolution\",\"description\":\"C-arm evolution\",\"publisher\":{\"@id\":\"https:\\\/\\\/eurocol.it\\\/#organization\"},\"alternateName\":\"EC\",\"potentialAction\":[{\"@type\":\"SearchAction\",\"target\":{\"@type\":\"EntryPoint\",\"urlTemplate\":\"https:\\\/\\\/eurocol.it\\\/?s={search_term_string}\"},\"query-input\":{\"@type\":\"PropertyValueSpecification\",\"valueRequired\":true,\"valueName\":\"search_term_string\"}}],\"inLanguage\":\"en-US\"},{\"@type\":\"Organization\",\"@id\":\"https:\\\/\\\/eurocol.it\\\/#organization\",\"name\":\"Eurocolumbus Srl\",\"alternateName\":\"EC\",\"url\":\"https:\\\/\\\/eurocol.it\\\/\",\"logo\":{\"@type\":\"ImageObject\",\"inLanguage\":\"en-US\",\"@id\":\"https:\\\/\\\/eurocol.it\\\/#\\\/schema\\\/logo\\\/image\\\/\",\"url\":\"https:\\\/\\\/www.eurocol.it\\\/wp-content\\\/uploads\\\/2024\\\/09\\\/ec_logo_2x.png\",\"contentUrl\":\"https:\\\/\\\/www.eurocol.it\\\/wp-content\\\/uploads\\\/2024\\\/09\\\/ec_logo_2x.png\",\"width\":340,\"height\":76,\"caption\":\"Eurocolumbus Srl\"},\"image\":{\"@id\":\"https:\\\/\\\/eurocol.it\\\/#\\\/schema\\\/logo\\\/image\\\/\"}}]}<\/script>\n<!-- \/ Yoast SEO plugin. -->","yoast_head_json":{"title":"alien x recharge hybrid - www.eurocol.it","robots":{"index":"index","follow":"follow","max-snippet":"max-snippet:-1","max-image-preview":"max-image-preview:large","max-video-preview":"max-video-preview:-1"},"canonical":"https:\/\/www.eurocol.it\/en\/products\/alien-x-recharge-hybrid\/","og_locale":"en_US","og_type":"article","og_title":"alien x recharge hybrid - www.eurocol.it","og_description":"Alien X Recharge \u00e8 dotato dei software pi\u00f9 avanzati per offrire prestazioni senza pari:  Acquisizione tridimensionale: per immagini dettagliate e accurate in tempo reale. (opzionale) Fusion: integra immagini tridimensionali con quelle bidimensionali per una diagnosi pi\u00f9 precisa. (opzionale) Synchro: monitora la posizione del nostro letto di imaging CT70 T Evolution nello spazio, garantendo una perfetta sincronizzazione. (opzionale).  Generatori ad alta frequenza I sistemi EPB ed EPA sono stati stato specificatamente sviluppati da Eurocolumbus per ap\u00adplicazioni cliniche che richiedono elevati picchi di potenza istantanea, consentendo il prelievo di energia da impianti elettrici esistenti e dotati di prese elettriche da 13-16 A.  Perch\u00e9 non usiamo il sistema a monoblocco? Perch\u00e9 solo cos\u00ec \u00e8 possibile utilizzare tubi con capacit\u00e0 anodiche pi\u00f9 elevate e con ingombri minori rispetto alla tecnologia monoblocco. In un sistema a monoblocco il calore prodotto dal tubo radiogeno si somma a quello prodotto dal generatore.","og_url":"https:\/\/www.eurocol.it\/en\/products\/alien-x-recharge-hybrid\/","og_site_name":"www.eurocol.it","article_modified_time":"2025-02-14T14:39:51+00:00","og_image":[{"width":1500,"height":1000,"url":"https:\/\/www.eurocol.it\/wp-content\/uploads\/2024\/05\/MODELLI_0007_ALIEN-X-HYBRID.jpg","type":"image\/jpeg"}],"twitter_card":"summary_large_image","schema":{"@context":"https:\/\/schema.org","@graph":[{"@type":"WebPage","@id":"https:\/\/www.eurocol.it\/en\/products\/alien-x-recharge-hybrid\/","url":"https:\/\/www.eurocol.it\/en\/products\/alien-x-recharge-hybrid\/","name":"alien x recharge hybrid - www.eurocol.it","isPartOf":{"@id":"https:\/\/eurocol.it\/#website"},"primaryImageOfPage":{"@id":"https:\/\/www.eurocol.it\/en\/products\/alien-x-recharge-hybrid\/#primaryimage"},"image":{"@id":"https:\/\/www.eurocol.it\/en\/products\/alien-x-recharge-hybrid\/#primaryimage"},"thumbnailUrl":"https:\/\/www.eurocol.it\/wp-content\/uploads\/2024\/05\/MODELLI_0007_ALIEN-X-HYBRID.jpg","datePublished":"2024-05-12T14:00:10+00:00","dateModified":"2025-02-14T14:39:51+00:00","breadcrumb":{"@id":"https:\/\/www.eurocol.it\/en\/products\/alien-x-recharge-hybrid\/#breadcrumb"},"inLanguage":"en-US","potentialAction":[{"@type":"ReadAction","target":["https:\/\/www.eurocol.it\/en\/products\/alien-x-recharge-hybrid\/"]}]},{"@type":"ImageObject","inLanguage":"en-US","@id":"https:\/\/www.eurocol.it\/en\/products\/alien-x-recharge-hybrid\/#primaryimage","url":"https:\/\/www.eurocol.it\/wp-content\/uploads\/2024\/05\/MODELLI_0007_ALIEN-X-HYBRID.jpg","contentUrl":"https:\/\/www.eurocol.it\/wp-content\/uploads\/2024\/05\/MODELLI_0007_ALIEN-X-HYBRID.jpg","width":1500,"height":1000},{"@type":"BreadcrumbList","@id":"https:\/\/www.eurocol.it\/en\/products\/alien-x-recharge-hybrid\/#breadcrumb","itemListElement":[{"@type":"ListItem","position":1,"name":"Home","item":"https:\/\/www.eurocol.it\/en\/"},{"@type":"ListItem","position":2,"name":"Products","item":"https:\/\/www.eurocol.it\/en\/shop\/"},{"@type":"ListItem","position":3,"name":"alien x recharge hybrid"}]},{"@type":"WebSite","@id":"https:\/\/eurocol.it\/#website","url":"https:\/\/eurocol.it\/","name":"Eurocolumbus c-arm evolution","description":"C-arm evolution","publisher":{"@id":"https:\/\/eurocol.it\/#organization"},"alternateName":"EC","potentialAction":[{"@type":"SearchAction","target":{"@type":"EntryPoint","urlTemplate":"https:\/\/eurocol.it\/?s={search_term_string}"},"query-input":{"@type":"PropertyValueSpecification","valueRequired":true,"valueName":"search_term_string"}}],"inLanguage":"en-US"},{"@type":"Organization","@id":"https:\/\/eurocol.it\/#organization","name":"Eurocolumbus Srl","alternateName":"EC","url":"https:\/\/eurocol.it\/","logo":{"@type":"ImageObject","inLanguage":"en-US","@id":"https:\/\/eurocol.it\/#\/schema\/logo\/image\/","url":"https:\/\/www.eurocol.it\/wp-content\/uploads\/2024\/09\/ec_logo_2x.png","contentUrl":"https:\/\/www.eurocol.it\/wp-content\/uploads\/2024\/09\/ec_logo_2x.png","width":340,"height":76,"caption":"Eurocolumbus Srl"},"image":{"@id":"https:\/\/eurocol.it\/#\/schema\/logo\/image\/"}}]}},"_links":{"self":[{"href":"https:\/\/www.eurocol.it\/en\/wp-json\/wp\/v2\/product\/34977","targetHints":{"allow":["GET"]}}],"collection":[{"href":"https:\/\/www.eurocol.it\/en\/wp-json\/wp\/v2\/product"}],"about":[{"href":"https:\/\/www.eurocol.it\/en\/wp-json\/wp\/v2\/types\/product"}],"replies":[{"embeddable":true,"href":"https:\/\/www.eurocol.it\/en\/wp-json\/wp\/v2\/comments?post=34977"}],"version-history":[{"count":0,"href":"https:\/\/www.eurocol.it\/en\/wp-json\/wp\/v2\/product\/34977\/revisions"}],"wp:featuredmedia":[{"embeddable":true,"href":"https:\/\/www.eurocol.it\/en\/wp-json\/wp\/v2\/media\/34778"}],"wp:attachment":[{"href":"https:\/\/www.eurocol.it\/en\/wp-json\/wp\/v2\/media?parent=34977"}],"wp:term":[{"taxonomy":"product_brand","embeddable":true,"href":"https:\/\/www.eurocol.it\/en\/wp-json\/wp\/v2\/product_brand?post=34977"},{"taxonomy":"product_cat","embeddable":true,"href":"https:\/\/www.eurocol.it\/en\/wp-json\/wp\/v2\/product_cat?post=34977"},{"taxonomy":"product_tag","embeddable":true,"href":"https:\/\/www.eurocol.it\/en\/wp-json\/wp\/v2\/product_tag?post=34977"}],"curies":[{"name":"wp","href":"https:\/\/api.w.org\/{rel}","templated":true}]}}