{"id":35281,"date":"2024-10-09T12:57:17","date_gmt":"2024-10-09T10:57:17","guid":{"rendered":"https:\/\/www.eurocol.it\/noi-da-50-anni\/"},"modified":"2025-05-29T09:27:54","modified_gmt":"2025-05-29T07:27:54","slug":"nosotros-durante-50-anos","status":"publish","type":"page","link":"https:\/\/www.eurocol.it\/es\/nosotros-durante-50-anos\/","title":{"rendered":"Nosotros durante 50 a\u00f1os"},"content":{"rendered":"\t\t<div data-elementor-type=\"wp-page\" data-elementor-id=\"35281\" class=\"elementor elementor-35281 elementor-34098\">\n\t\t\t\t\t\t<section class=\"elementor-section elementor-top-section elementor-element elementor-element-b779652 elementor-section-full_width elementor-section-height-default elementor-section-height-default\" data-id=\"b779652\" data-element_type=\"section\" data-e-type=\"section\">\n\t\t\t\t\t\t<div class=\"elementor-container elementor-column-gap-no\">\n\t\t\t\t\t<div class=\"elementor-column elementor-col-100 elementor-top-column elementor-element elementor-element-6bdbb78\" data-id=\"6bdbb78\" data-element_type=\"column\" data-e-type=\"column\">\n\t\t\t<div class=\"elementor-widget-wrap elementor-element-populated\">\n\t\t\t\t\t\t<div class=\"elementor-element elementor-element-5381cd1 elementor-widget elementor-widget-spacer\" data-id=\"5381cd1\" data-element_type=\"widget\" data-e-type=\"widget\" data-widget_type=\"spacer.default\">\n\t\t\t\t<div class=\"elementor-widget-container\">\n\t\t\t\t\t\t\t<div class=\"elementor-spacer\">\n\t\t\t<div class=\"elementor-spacer-inner\"><\/div>\n\t\t<\/div>\n\t\t\t\t\t\t<\/div>\n\t\t\t\t<\/div>\n\t\t\t\t<div class=\"elementor-element elementor-element-1046f25 lte-heading-align-center elementor-widget elementor-widget-lte-header\" data-id=\"1046f25\" data-element_type=\"widget\" data-e-type=\"widget\" data-widget_type=\"lte-header.default\">\n\t\t\t\t<div class=\"elementor-widget-container\">\n\t\t\t\t\t<div class=\"lte-heading lte-style-header-subheader lte-subcolor-main has-subheader heading-tag-h2 heading-subtag-h6\"><div class=\"lte-heading-content\"><h6 class=\"lte-subheader\">entrevista<\/h6><h2 class=\"lte-header\">Andrea Brameri CEO Eurocolumbus<\/h2><\/div><\/div>\t\t\t\t<\/div>\n\t\t\t\t<\/div>\n\t\t\t\t<div class=\"elementor-element elementor-element-f90a005 elementor-widget elementor-widget-video\" data-id=\"f90a005\" data-element_type=\"widget\" data-e-type=\"widget\" data-settings=\"{&quot;youtube_url&quot;:&quot;https:\\\/\\\/youtu.be\\\/po-5ZD5-NQM&quot;,&quot;autoplay&quot;:&quot;yes&quot;,&quot;play_on_mobile&quot;:&quot;yes&quot;,&quot;mute&quot;:&quot;yes&quot;,&quot;loop&quot;:&quot;yes&quot;,&quot;video_type&quot;:&quot;youtube&quot;,&quot;controls&quot;:&quot;yes&quot;}\" data-widget_type=\"video.default\">\n\t\t\t\t<div class=\"elementor-widget-container\">\n\t\t\t\t\t\t\t<div class=\"elementor-wrapper elementor-open-inline\">\n\t\t\t<div class=\"elementor-video\"><\/div>\t\t<\/div>\n\t\t\t\t\t\t<\/div>\n\t\t\t\t<\/div>\n\t\t\t\t<div class=\"elementor-element elementor-element-4122825 elementor-widget elementor-widget-spacer\" data-id=\"4122825\" data-element_type=\"widget\" data-e-type=\"widget\" data-widget_type=\"spacer.default\">\n\t\t\t\t<div class=\"elementor-widget-container\">\n\t\t\t\t\t\t\t<div class=\"elementor-spacer\">\n\t\t\t<div class=\"elementor-spacer-inner\"><\/div>\n\t\t<\/div>\n\t\t\t\t\t\t<\/div>\n\t\t\t\t<\/div>\n\t\t\t\t\t<\/div>\n\t\t<\/div>\n\t\t\t\t\t<\/div>\n\t\t<\/section>\n\t\t\t\t<section class=\"elementor-section elementor-top-section elementor-element elementor-element-f861fe8 elementor-section-boxed elementor-section-height-default elementor-section-height-default\" data-id=\"f861fe8\" data-element_type=\"section\" data-e-type=\"section\">\n\t\t\t\t\t\t<div class=\"elementor-container elementor-column-gap-default\">\n\t\t\t\t\t<div class=\"elementor-column elementor-col-50 elementor-top-column elementor-element elementor-element-663c39c\" data-id=\"663c39c\" data-element_type=\"column\" data-e-type=\"column\">\n\t\t\t<div class=\"elementor-widget-wrap elementor-element-populated\">\n\t\t\t\t\t\t<div class=\"elementor-element elementor-element-e06c104 elementor-widget-laptop__width-initial lte-animation-speed-slow elementor-widget elementor-widget-image\" data-id=\"e06c104\" data-element_type=\"widget\" data-e-type=\"widget\" data-widget_type=\"image.default\">\n\t\t\t\t<div class=\"elementor-widget-container\">\n\t\t\t\t\t\t\t\t\t\t\t\t\t\t\t<img fetchpriority=\"high\" decoding=\"async\" width=\"300\" height=\"300\" src=\"https:\/\/www.eurocol.it\/wp-content\/uploads\/2024\/11\/50YEARS_ec-300x300.jpg\" class=\"attachment-medium size-medium wp-image-34472\" alt=\"\" srcset=\"https:\/\/www.eurocol.it\/wp-content\/uploads\/2024\/11\/50YEARS_ec-300x300.jpg 300w, https:\/\/www.eurocol.it\/wp-content\/uploads\/2024\/11\/50YEARS_ec-1024x1024.jpg 1024w, https:\/\/www.eurocol.it\/wp-content\/uploads\/2024\/11\/50YEARS_ec-150x150.jpg 150w, https:\/\/www.eurocol.it\/wp-content\/uploads\/2024\/11\/50YEARS_ec-768x768.jpg 768w, https:\/\/www.eurocol.it\/wp-content\/uploads\/2024\/11\/50YEARS_ec-140x140.jpg 140w, https:\/\/www.eurocol.it\/wp-content\/uploads\/2024\/11\/50YEARS_ec-110x110.jpg 110w, https:\/\/www.eurocol.it\/wp-content\/uploads\/2024\/11\/50YEARS_ec-290x290.jpg 290w, https:\/\/www.eurocol.it\/wp-content\/uploads\/2024\/11\/50YEARS_ec-350x350.jpg 350w, https:\/\/www.eurocol.it\/wp-content\/uploads\/2024\/11\/50YEARS_ec-100x100.jpg 100w, https:\/\/www.eurocol.it\/wp-content\/uploads\/2024\/11\/50YEARS_ec-360x360.jpg 360w, https:\/\/www.eurocol.it\/wp-content\/uploads\/2024\/11\/50YEARS_ec-480x480.jpg 480w, https:\/\/www.eurocol.it\/wp-content\/uploads\/2024\/11\/50YEARS_ec-600x600.jpg 600w, https:\/\/www.eurocol.it\/wp-content\/uploads\/2024\/11\/50YEARS_ec.jpg 1080w\" sizes=\"(max-width: 300px) 100vw, 300px\" \/>\t\t\t\t\t\t\t\t\t\t\t\t\t\t\t<\/div>\n\t\t\t\t<\/div>\n\t\t\t\t<div class=\"elementor-element elementor-element-b3d0e2c elementor-widget__width-initial elementor-widget elementor-widget-text-editor\" data-id=\"b3d0e2c\" data-element_type=\"widget\" data-e-type=\"widget\" data-widget_type=\"text-editor.default\">\n\t\t\t\t<div class=\"elementor-widget-container\">\n\t\t\t\t\t\t\t\t\t<p>Ser pioneros ha sido nuestra vocaci\u00f3n durante m\u00e1s de 50 a\u00f1os. Desde 1972, desarrollamos tecnolog\u00edas seguras y eficaces para mejorar la salud y el bienestar de las personas. <strong>La nuestra es una historia de Made in Italy.<\/strong><\/p>\t\t\t\t\t\t\t\t<\/div>\n\t\t\t\t<\/div>\n\t\t\t\t\t<\/div>\n\t\t<\/div>\n\t\t\t\t<div class=\"elementor-column elementor-col-50 elementor-top-column elementor-element elementor-element-a38f158\" data-id=\"a38f158\" data-element_type=\"column\" data-e-type=\"column\">\n\t\t\t<div class=\"elementor-widget-wrap elementor-element-populated\">\n\t\t\t\t\t\t<div class=\"elementor-element elementor-element-1c27526 elementor-widget elementor-widget-html\" data-id=\"1c27526\" data-element_type=\"widget\" data-e-type=\"widget\" data-widget_type=\"html.default\">\n\t\t\t\t<div class=\"elementor-widget-container\">\n\t\t\t\t\t<div class=\"text-carousel-wrapper\">\n  <div class=\"text-carousel-track\">\n    <div class=\"text-carousel-item\"><b>2025: 3D ready<\/b><br><br>Adquisici\u00f3n 3D para im\u00e1genes detalladas y precisas en tiempo real, integra im\u00e1genes 3D y 2D para un diagn\u00f3stico m\u00e1s preciso.\n    <\/div>\n    <div class=\"text-carousel-item\"><b>2024: Robot x<\/b><br><br>Se presenta el primer robot de quir\u00f3fano de Italia\n    <\/div>\n    <div class=\"text-carousel-item\"><b>2019: Fusion<\/b><br><br>FUSION reduce la dosis de rayos X, la cantidad de l\u00edquido de contraste administrado y la duraci\u00f3n del procedimiento quir\u00fargico, reduciendo significativamente los riesgos para el paciente.\n    <\/div>\n    <div class=\"text-carousel-item\"><b>2017: EBP 25 kW generator<\/b><br><br>EPB (Eurocolumbus Power Boost) es una reserva de energ\u00eda que estabiliza la tensi\u00f3n y aumenta el rendimiento del inversor para evitar fluctuaciones durante emisiones radiol\u00f3gicas largas y exigentes.\n    <\/div>\n    <div class=\"text-carousel-item\"><b>2016: Nuevos horizontes<\/b><br><br>Eurocolumbus se convierte en parte de un importante centro industrial global\n    <\/div>\n    <div class=\"text-carousel-item\"><b>2012: Linux SO<\/b><br><br>El software de gesti\u00f3n del sistema, desarrollado por el departamento de I+D de Eurocolumbus bajo LINUX, es capaz de procesar im\u00e1genes radiol\u00f3gicas con una resoluci\u00f3n m\u00e1xima de 3k x 3k en tiempo real. \n    <\/div>\n    <div class=\"text-carousel-item\"><b>2011: I+D interno<\/b><br><br>Eurocolumbus sigue siendo hoy la \u00fanica empresa italiana productora de arcos en C que puede presumir de un aut\u00e9ntico centro de Investigaci\u00f3n y Desarrollo interno. \n    <\/div>\n    <div class=\"text-carousel-item\"><b>2010: Sistemas de prevenci\u00f3n de colisiones EPD<\/b><br><br>\u00a1La seguridad es lo primero! Los nuevos sistemas volum\u00e9tricos EPD (Eurocolumbus Proximity Detection) pueden tener configuraciones diferentes e independientes para los lados FPD y RX. \n    <\/div>\n    <div class=\"text-carousel-item\"><b>2007: Sistema Wad<\/b><br><br>WAD (Disipaci\u00f3n Asistida por Agua) es un sistema de enfriamiento de tubos de rayos X. Gracias a la combinaci\u00f3n de la gesti\u00f3n del aceite diel\u00e9ctrico dentro del complejo, del refrigerante y del intercambiador de calor avanzado, el sistema evita la presencia de ventiladores. \n    <\/div>\n    <div class=\"text-carousel-item\"><b>2006: DFF variable<\/b><br><br>La DFF variable (distancia de enfoque de la pel\u00edcula) permite una reducci\u00f3n significativa de la dosis, lo que permite colocar el panel plano m\u00e1s cerca del paciente durante la irradiaci\u00f3n sin tener que bajar todo el arco en C.\n    <\/div>\n    <div class=\"text-carousel-item\"><b>2005: El primer panel<\/b><br><br>Los detectores de panel plano (FPD) son dispositivos electr\u00f3nicos que se utilizan para capturar im\u00e1genes de rayos X. Los FPD ofrecen varias ventajas sobre sus predecesores, como mejor calidad de imagen, adquisici\u00f3n de im\u00e1genes m\u00e1s r\u00e1pida y mayor eficiencia de dosis. \n    <\/div>\n    <div class=\"text-carousel-item\"><b>2001: El primer arco en C<\/b><br><br>Primeros en instalar un arco en C m\u00f3vil con detector de panel plano en Italia\n    <\/div>\n    <div class=\"text-carousel-item\"><b>Estamos presentes en el mercado desde 1972<\/b><br><br>Eurocolumbus fue fundada por el Dr. Carlo Brameri, licenciado en f\u00edsica, quien construy\u00f3 el primer tubo de rayos X con \u00e1nodo giratorio en Mil\u00e1n, Italia, despu\u00e9s de la Segunda Guerra Mundial. La empresa se centra en producir dispositivos innovadores utilizando los mejores componentes disponibles en el mercado. \n    <\/div>\n  <\/div>\n\n  <button class=\"carousel-btn prev\">\u276e<\/button>\n<button class=\"carousel-btn next\">\u276f<\/button>\n\n  <div class=\"carousel-dots\"><\/div>\n<\/div>\n\n<style>\n.text-carousel-wrapper {\n  position: relative;\n  overflow: hidden;\n  max-width: 100%;\n  margin: auto;\n  font-family: sans-serif;\n}\n\n.text-carousel-track {\n  display: flex;\n  transition: transform 0.6s ease-in-out;\n}\n\n.text-carousel-item {\n  flex: 0 0 100%;\n  text-align: left;\n  font-size: 1rem;\n  padding: 1em;\n  box-sizing: border-box;\n}\n\n.text-carousel-item b {\n    font-size: 1.2rem;\n}\n\n.carousel-btn {\n  position: absolute;\n  top: 50%;\n  transform: translateY(-50%);\n  background: rgba(0,0,0,0.5);\n  color: white;\n  border: none;\n  padding: 0.5em 1em;\n  font-size: 1.5rem;\n  cursor: pointer;\n  z-index: 10;\n}\n.carousel-btn.prev { left: 10px; display:none; }\n.carousel-btn.next { right: 10px; display:none; }\n\n.carousel-dots {\n  text-align: center;\n  margin-top: 10px;\n}\n.carousel-dots .dot {\n  display: inline-block;\n  width: 10px;\n  height: 10px;\n  margin: 0 4px;\n  background: #ccc;\n  border-radius: 50%;\n  cursor: pointer;\n}\n.carousel-dots .dot.active {\n  background: #333;\n}\n<\/style>\n\n<script>\n(function() {\n  let index = 0;\n  const track = document.querySelector('.text-carousel-track');\n  const items = document.querySelectorAll('.text-carousel-item');\n  const dotsContainer = document.querySelector('.carousel-dots');\n  const total = items.length;\n  let startX = 0, endX = 0;\n\n  if (!track || total <= 1) return;\n\n  \/\/ Create dots\n  for (let i = 0; i < total; i++) {\n    const dot = document.createElement('span');\n    dot.classList.add('dot');\n    if (i === 0) dot.classList.add('active');\n    dot.addEventListener('click', () => {\n      index = i;\n      updateSlide();\n    });\n    dotsContainer.appendChild(dot);\n  }\n\n  function updateSlide() {\n    track.style.transform = `translateX(-${index * 100}%)`;\n    document.querySelectorAll('.carousel-dots .dot').forEach((d, i) => {\n      d.classList.toggle('active', i === index);\n    });\n  }\n\n  function nextSlide() {\n    index = (index + 1) % total;\n    updateSlide();\n  }\n\n  function prevSlide() {\n    index = (index - 1 + total) % total;\n    updateSlide();\n  }\n\n  document.querySelector('.carousel-btn.next').addEventListener('click', nextSlide);\n  document.querySelector('.carousel-btn.prev').addEventListener('click', prevSlide);\n\n  \/\/ Autoplay\n  setInterval(nextSlide, 7000);\n\n  \/\/ Swipe support\n  const wrapper = document.querySelector('.text-carousel-wrapper');\n  wrapper.addEventListener('touchstart', e => startX = e.touches[0].clientX);\n  wrapper.addEventListener('touchend', e => {\n    endX = e.changedTouches[0].clientX;\n    if (endX - startX > 50) prevSlide();\n    else if (startX - endX > 50) nextSlide();\n  });\n})();\n<\/script>\n\t\t\t\t<\/div>\n\t\t\t\t<\/div>\n\t\t\t\t\t<\/div>\n\t\t<\/div>\n\t\t\t\t\t<\/div>\n\t\t<\/section>\n\t\t\t\t<section class=\"elementor-section elementor-top-section elementor-element elementor-element-804ce5b elementor-section-boxed elementor-section-height-default elementor-section-height-default\" data-id=\"804ce5b\" data-element_type=\"section\" data-e-type=\"section\">\n\t\t\t\t\t\t<div class=\"elementor-container elementor-column-gap-default\">\n\t\t\t\t\t<div class=\"elementor-column elementor-col-100 elementor-top-column elementor-element elementor-element-f675ecd\" data-id=\"f675ecd\" data-element_type=\"column\" data-e-type=\"column\">\n\t\t\t<div class=\"elementor-widget-wrap\">\n\t\t\t\t\t\t\t<\/div>\n\t\t<\/div>\n\t\t\t\t\t<\/div>\n\t\t<\/section>\n\t\t\t\t<\/div>\n\t\t","protected":false},"excerpt":{"rendered":"<p>entrevista Andrea Brameri CEO Eurocolumbus Ser pioneros ha sido nuestra vocaci\u00f3n durante m\u00e1s de 50 a\u00f1os. Desde 1972, desarrollamos tecnolog\u00edas seguras y eficaces para mejorar la salud y el bienestar [&hellip;]<\/p>\n","protected":false},"author":1,"featured_media":34838,"parent":0,"menu_order":0,"comment_status":"closed","ping_status":"closed","template":"page-templates\/full-width.php","meta":{"inline_featured_image":false,"footnotes":""},"class_list":["post-35281","page","type-page","status-publish","has-post-thumbnail","hentry"],"yoast_head":"<!-- This site is optimized with the Yoast SEO plugin v27.3 - https:\/\/yoast.com\/product\/yoast-seo-wordpress\/ -->\n<title>Nosotros durante 50 a\u00f1os - www.eurocol.it<\/title>\n<meta name=\"robots\" content=\"index, follow, max-snippet:-1, max-image-preview:large, max-video-preview:-1\" \/>\n<link rel=\"canonical\" href=\"https:\/\/www.eurocol.it\/es\/nosotros-durante-50-anos\/\" \/>\n<meta property=\"og:locale\" content=\"es_ES\" \/>\n<meta property=\"og:type\" content=\"article\" \/>\n<meta property=\"og:title\" content=\"Nosotros durante 50 a\u00f1os - www.eurocol.it\" \/>\n<meta property=\"og:description\" content=\"entrevista Andrea Brameri CEO Eurocolumbus Ser pioneros ha sido nuestra vocaci\u00f3n durante m\u00e1s de 50 a\u00f1os. Desde 1972, desarrollamos tecnolog\u00edas seguras y eficaces para mejorar la salud y el bienestar [&hellip;]\" \/>\n<meta property=\"og:url\" content=\"https:\/\/www.eurocol.it\/es\/nosotros-durante-50-anos\/\" \/>\n<meta property=\"og:site_name\" content=\"www.eurocol.it\" \/>\n<meta property=\"article:modified_time\" content=\"2025-05-29T07:27:54+00:00\" \/>\n<meta property=\"og:image\" content=\"https:\/\/www.eurocol.it\/wp-content\/uploads\/2025\/02\/img-principali_0004_DA-50.jpg\" \/>\n\t<meta property=\"og:image:width\" content=\"3456\" \/>\n\t<meta property=\"og:image:height\" content=\"1550\" \/>\n\t<meta property=\"og:image:type\" content=\"image\/jpeg\" \/>\n<meta name=\"twitter:card\" content=\"summary_large_image\" \/>\n<meta name=\"twitter:label1\" content=\"Tiempo de lectura\" \/>\n\t<meta name=\"twitter:data1\" content=\"3 minutos\" \/>\n<script type=\"application\/ld+json\" class=\"yoast-schema-graph\">{\"@context\":\"https:\\\/\\\/schema.org\",\"@graph\":[{\"@type\":\"WebPage\",\"@id\":\"https:\\\/\\\/www.eurocol.it\\\/es\\\/nosotros-durante-50-anos\\\/\",\"url\":\"https:\\\/\\\/www.eurocol.it\\\/es\\\/nosotros-durante-50-anos\\\/\",\"name\":\"Nosotros durante 50 a\u00f1os - www.eurocol.it\",\"isPartOf\":{\"@id\":\"https:\\\/\\\/eurocol.it\\\/#website\"},\"primaryImageOfPage\":{\"@id\":\"https:\\\/\\\/www.eurocol.it\\\/es\\\/nosotros-durante-50-anos\\\/#primaryimage\"},\"image\":{\"@id\":\"https:\\\/\\\/www.eurocol.it\\\/es\\\/nosotros-durante-50-anos\\\/#primaryimage\"},\"thumbnailUrl\":\"https:\\\/\\\/www.eurocol.it\\\/wp-content\\\/uploads\\\/2025\\\/02\\\/img-principali_0004_DA-50.jpg\",\"datePublished\":\"2024-10-09T10:57:17+00:00\",\"dateModified\":\"2025-05-29T07:27:54+00:00\",\"breadcrumb\":{\"@id\":\"https:\\\/\\\/www.eurocol.it\\\/es\\\/nosotros-durante-50-anos\\\/#breadcrumb\"},\"inLanguage\":\"es\",\"potentialAction\":[{\"@type\":\"ReadAction\",\"target\":[\"https:\\\/\\\/www.eurocol.it\\\/es\\\/nosotros-durante-50-anos\\\/\"]}]},{\"@type\":\"ImageObject\",\"inLanguage\":\"es\",\"@id\":\"https:\\\/\\\/www.eurocol.it\\\/es\\\/nosotros-durante-50-anos\\\/#primaryimage\",\"url\":\"https:\\\/\\\/www.eurocol.it\\\/wp-content\\\/uploads\\\/2025\\\/02\\\/img-principali_0004_DA-50.jpg\",\"contentUrl\":\"https:\\\/\\\/www.eurocol.it\\\/wp-content\\\/uploads\\\/2025\\\/02\\\/img-principali_0004_DA-50.jpg\",\"width\":3456,\"height\":1550,\"caption\":\"Screenshot\"},{\"@type\":\"BreadcrumbList\",\"@id\":\"https:\\\/\\\/www.eurocol.it\\\/es\\\/nosotros-durante-50-anos\\\/#breadcrumb\",\"itemListElement\":[{\"@type\":\"ListItem\",\"position\":1,\"name\":\"Home\",\"item\":\"https:\\\/\\\/www.eurocol.it\\\/es\\\/\"},{\"@type\":\"ListItem\",\"position\":2,\"name\":\"Nosotros durante 50 a\u00f1os\"}]},{\"@type\":\"WebSite\",\"@id\":\"https:\\\/\\\/eurocol.it\\\/#website\",\"url\":\"https:\\\/\\\/eurocol.it\\\/\",\"name\":\"Eurocolumbus c-arm evolution\",\"description\":\"C-arm evolution\",\"publisher\":{\"@id\":\"https:\\\/\\\/eurocol.it\\\/#organization\"},\"alternateName\":\"EC\",\"potentialAction\":[{\"@type\":\"SearchAction\",\"target\":{\"@type\":\"EntryPoint\",\"urlTemplate\":\"https:\\\/\\\/eurocol.it\\\/?s={search_term_string}\"},\"query-input\":{\"@type\":\"PropertyValueSpecification\",\"valueRequired\":true,\"valueName\":\"search_term_string\"}}],\"inLanguage\":\"es\"},{\"@type\":\"Organization\",\"@id\":\"https:\\\/\\\/eurocol.it\\\/#organization\",\"name\":\"Eurocolumbus Srl\",\"alternateName\":\"EC\",\"url\":\"https:\\\/\\\/eurocol.it\\\/\",\"logo\":{\"@type\":\"ImageObject\",\"inLanguage\":\"es\",\"@id\":\"https:\\\/\\\/eurocol.it\\\/#\\\/schema\\\/logo\\\/image\\\/\",\"url\":\"https:\\\/\\\/www.eurocol.it\\\/wp-content\\\/uploads\\\/2024\\\/09\\\/ec_logo_2x.png\",\"contentUrl\":\"https:\\\/\\\/www.eurocol.it\\\/wp-content\\\/uploads\\\/2024\\\/09\\\/ec_logo_2x.png\",\"width\":340,\"height\":76,\"caption\":\"Eurocolumbus Srl\"},\"image\":{\"@id\":\"https:\\\/\\\/eurocol.it\\\/#\\\/schema\\\/logo\\\/image\\\/\"}}]}<\/script>\n<!-- \/ Yoast SEO plugin. -->","yoast_head_json":{"title":"Nosotros durante 50 a\u00f1os - www.eurocol.it","robots":{"index":"index","follow":"follow","max-snippet":"max-snippet:-1","max-image-preview":"max-image-preview:large","max-video-preview":"max-video-preview:-1"},"canonical":"https:\/\/www.eurocol.it\/es\/nosotros-durante-50-anos\/","og_locale":"es_ES","og_type":"article","og_title":"Nosotros durante 50 a\u00f1os - www.eurocol.it","og_description":"entrevista Andrea Brameri CEO Eurocolumbus Ser pioneros ha sido nuestra vocaci\u00f3n durante m\u00e1s de 50 a\u00f1os. Desde 1972, desarrollamos tecnolog\u00edas seguras y eficaces para mejorar la salud y el bienestar [&hellip;]","og_url":"https:\/\/www.eurocol.it\/es\/nosotros-durante-50-anos\/","og_site_name":"www.eurocol.it","article_modified_time":"2025-05-29T07:27:54+00:00","og_image":[{"width":3456,"height":1550,"url":"https:\/\/www.eurocol.it\/wp-content\/uploads\/2025\/02\/img-principali_0004_DA-50.jpg","type":"image\/jpeg"}],"twitter_card":"summary_large_image","twitter_misc":{"Tiempo de lectura":"3 minutos"},"schema":{"@context":"https:\/\/schema.org","@graph":[{"@type":"WebPage","@id":"https:\/\/www.eurocol.it\/es\/nosotros-durante-50-anos\/","url":"https:\/\/www.eurocol.it\/es\/nosotros-durante-50-anos\/","name":"Nosotros durante 50 a\u00f1os - www.eurocol.it","isPartOf":{"@id":"https:\/\/eurocol.it\/#website"},"primaryImageOfPage":{"@id":"https:\/\/www.eurocol.it\/es\/nosotros-durante-50-anos\/#primaryimage"},"image":{"@id":"https:\/\/www.eurocol.it\/es\/nosotros-durante-50-anos\/#primaryimage"},"thumbnailUrl":"https:\/\/www.eurocol.it\/wp-content\/uploads\/2025\/02\/img-principali_0004_DA-50.jpg","datePublished":"2024-10-09T10:57:17+00:00","dateModified":"2025-05-29T07:27:54+00:00","breadcrumb":{"@id":"https:\/\/www.eurocol.it\/es\/nosotros-durante-50-anos\/#breadcrumb"},"inLanguage":"es","potentialAction":[{"@type":"ReadAction","target":["https:\/\/www.eurocol.it\/es\/nosotros-durante-50-anos\/"]}]},{"@type":"ImageObject","inLanguage":"es","@id":"https:\/\/www.eurocol.it\/es\/nosotros-durante-50-anos\/#primaryimage","url":"https:\/\/www.eurocol.it\/wp-content\/uploads\/2025\/02\/img-principali_0004_DA-50.jpg","contentUrl":"https:\/\/www.eurocol.it\/wp-content\/uploads\/2025\/02\/img-principali_0004_DA-50.jpg","width":3456,"height":1550,"caption":"Screenshot"},{"@type":"BreadcrumbList","@id":"https:\/\/www.eurocol.it\/es\/nosotros-durante-50-anos\/#breadcrumb","itemListElement":[{"@type":"ListItem","position":1,"name":"Home","item":"https:\/\/www.eurocol.it\/es\/"},{"@type":"ListItem","position":2,"name":"Nosotros durante 50 a\u00f1os"}]},{"@type":"WebSite","@id":"https:\/\/eurocol.it\/#website","url":"https:\/\/eurocol.it\/","name":"Eurocolumbus c-arm evolution","description":"C-arm evolution","publisher":{"@id":"https:\/\/eurocol.it\/#organization"},"alternateName":"EC","potentialAction":[{"@type":"SearchAction","target":{"@type":"EntryPoint","urlTemplate":"https:\/\/eurocol.it\/?s={search_term_string}"},"query-input":{"@type":"PropertyValueSpecification","valueRequired":true,"valueName":"search_term_string"}}],"inLanguage":"es"},{"@type":"Organization","@id":"https:\/\/eurocol.it\/#organization","name":"Eurocolumbus Srl","alternateName":"EC","url":"https:\/\/eurocol.it\/","logo":{"@type":"ImageObject","inLanguage":"es","@id":"https:\/\/eurocol.it\/#\/schema\/logo\/image\/","url":"https:\/\/www.eurocol.it\/wp-content\/uploads\/2024\/09\/ec_logo_2x.png","contentUrl":"https:\/\/www.eurocol.it\/wp-content\/uploads\/2024\/09\/ec_logo_2x.png","width":340,"height":76,"caption":"Eurocolumbus Srl"},"image":{"@id":"https:\/\/eurocol.it\/#\/schema\/logo\/image\/"}}]}},"_links":{"self":[{"href":"https:\/\/www.eurocol.it\/es\/wp-json\/wp\/v2\/pages\/35281","targetHints":{"allow":["GET"]}}],"collection":[{"href":"https:\/\/www.eurocol.it\/es\/wp-json\/wp\/v2\/pages"}],"about":[{"href":"https:\/\/www.eurocol.it\/es\/wp-json\/wp\/v2\/types\/page"}],"author":[{"embeddable":true,"href":"https:\/\/www.eurocol.it\/es\/wp-json\/wp\/v2\/users\/1"}],"replies":[{"embeddable":true,"href":"https:\/\/www.eurocol.it\/es\/wp-json\/wp\/v2\/comments?post=35281"}],"version-history":[{"count":4,"href":"https:\/\/www.eurocol.it\/es\/wp-json\/wp\/v2\/pages\/35281\/revisions"}],"predecessor-version":[{"id":35388,"href":"https:\/\/www.eurocol.it\/es\/wp-json\/wp\/v2\/pages\/35281\/revisions\/35388"}],"wp:featuredmedia":[{"embeddable":true,"href":"https:\/\/www.eurocol.it\/es\/wp-json\/wp\/v2\/media\/34838"}],"wp:attachment":[{"href":"https:\/\/www.eurocol.it\/es\/wp-json\/wp\/v2\/media?parent=35281"}],"curies":[{"name":"wp","href":"https:\/\/api.w.org\/{rel}","templated":true}]}}