{"id":35476,"date":"2025-01-11T15:41:13","date_gmt":"2025-01-11T14:41:13","guid":{"rendered":"https:\/\/www.eurocol.it\/products\/remote-remota\/"},"modified":"2025-05-30T18:57:58","modified_gmt":"2025-05-30T16:57:58","slug":"remote-remota","status":"publish","type":"product","link":"https:\/\/www.eurocol.it\/es\/products\/remote-remota\/","title":{"rendered":"Remote controller"},"content":{"rendered":"\t\t<div data-elementor-type=\"wp-post\" data-elementor-id=\"35476\" class=\"elementor elementor-35476 elementor-34850\">\n\t\t\t\t\t\t<section class=\"elementor-section elementor-top-section elementor-element elementor-element-4f9dc58 elementor-section-boxed elementor-section-height-default elementor-section-height-default\" data-id=\"4f9dc58\" data-element_type=\"section\" data-e-type=\"section\">\n\t\t\t\t\t\t<div class=\"elementor-container elementor-column-gap-default\">\n\t\t\t\t\t<div class=\"elementor-column elementor-col-50 elementor-top-column elementor-element elementor-element-8f03dbc\" data-id=\"8f03dbc\" data-element_type=\"column\" data-e-type=\"column\">\n\t\t\t<div class=\"elementor-widget-wrap elementor-element-populated\">\n\t\t\t\t\t\t<div class=\"elementor-element elementor-element-e768e41 elementor-widget elementor-widget-spacer\" data-id=\"e768e41\" data-element_type=\"widget\" data-e-type=\"widget\" data-widget_type=\"spacer.default\">\n\t\t\t\t<div class=\"elementor-widget-container\">\n\t\t\t\t\t\t\t<div class=\"elementor-spacer\">\n\t\t\t<div class=\"elementor-spacer-inner\"><\/div>\n\t\t<\/div>\n\t\t\t\t\t\t<\/div>\n\t\t\t\t<\/div>\n\t\t\t\t<div class=\"elementor-element elementor-element-e452aa1 elementor-widget elementor-widget-text-editor\" data-id=\"e452aa1\" data-element_type=\"widget\" data-e-type=\"widget\" data-widget_type=\"text-editor.default\">\n\t\t\t\t<div class=\"elementor-widget-container\">\n\t\t\t\t\t\t\t\t\t<p class=\"p1\"><strong>Remote controllor<\/strong><\/p><p class=\"p1\">Descubre nuestras propuestas Wireless para m\u00e1xima maniobrabilidad, m\u00e1xima higiene y m\u00ednimo espacio<\/p>\t\t\t\t\t\t\t\t<\/div>\n\t\t\t\t<\/div>\n\t\t\t\t\t<\/div>\n\t\t<\/div>\n\t\t\t\t<div class=\"elementor-column elementor-col-50 elementor-top-column elementor-element elementor-element-ba3a110\" data-id=\"ba3a110\" data-element_type=\"column\" data-e-type=\"column\">\n\t\t\t<div class=\"elementor-widget-wrap elementor-element-populated\">\n\t\t\t\t\t\t<div class=\"elementor-element elementor-element-e397ae1 elementor-widget elementor-widget-spacer\" data-id=\"e397ae1\" data-element_type=\"widget\" data-e-type=\"widget\" data-widget_type=\"spacer.default\">\n\t\t\t\t<div class=\"elementor-widget-container\">\n\t\t\t\t\t\t\t<div class=\"elementor-spacer\">\n\t\t\t<div class=\"elementor-spacer-inner\"><\/div>\n\t\t<\/div>\n\t\t\t\t\t\t<\/div>\n\t\t\t\t<\/div>\n\t\t\t\t<div class=\"elementor-element elementor-element-1c6f232 lte-animation-speed-slow elementor-widget elementor-widget-image\" data-id=\"1c6f232\" data-element_type=\"widget\" data-e-type=\"widget\" data-widget_type=\"image.default\">\n\t\t\t\t<div class=\"elementor-widget-container\">\n\t\t\t\t\t\t\t\t\t\t\t\t\t\t\t<img fetchpriority=\"high\" decoding=\"async\" width=\"1024\" height=\"1024\" src=\"https:\/\/www.eurocol.it\/wp-content\/uploads\/2025\/02\/remote_controller_vista45_03-1024x1024.png\" class=\"attachment-large size-large wp-image-34853\" alt=\"\" srcset=\"https:\/\/www.eurocol.it\/wp-content\/uploads\/2025\/02\/remote_controller_vista45_03-1024x1024.png 1024w, https:\/\/www.eurocol.it\/wp-content\/uploads\/2025\/02\/remote_controller_vista45_03-300x300.png 300w, https:\/\/www.eurocol.it\/wp-content\/uploads\/2025\/02\/remote_controller_vista45_03-150x150.png 150w, https:\/\/www.eurocol.it\/wp-content\/uploads\/2025\/02\/remote_controller_vista45_03-768x768.png 768w, https:\/\/www.eurocol.it\/wp-content\/uploads\/2025\/02\/remote_controller_vista45_03-1536x1536.png 1536w, https:\/\/www.eurocol.it\/wp-content\/uploads\/2025\/02\/remote_controller_vista45_03-32x32.png 32w, https:\/\/www.eurocol.it\/wp-content\/uploads\/2025\/02\/remote_controller_vista45_03-140x140.png 140w, https:\/\/www.eurocol.it\/wp-content\/uploads\/2025\/02\/remote_controller_vista45_03-110x110.png 110w, https:\/\/www.eurocol.it\/wp-content\/uploads\/2025\/02\/remote_controller_vista45_03-290x290.png 290w, https:\/\/www.eurocol.it\/wp-content\/uploads\/2025\/02\/remote_controller_vista45_03-350x350.png 350w, https:\/\/www.eurocol.it\/wp-content\/uploads\/2025\/02\/remote_controller_vista45_03-100x100.png 100w, https:\/\/www.eurocol.it\/wp-content\/uploads\/2025\/02\/remote_controller_vista45_03-360x360.png 360w, https:\/\/www.eurocol.it\/wp-content\/uploads\/2025\/02\/remote_controller_vista45_03-1250x1250.png 1250w, https:\/\/www.eurocol.it\/wp-content\/uploads\/2025\/02\/remote_controller_vista45_03-480x480.png 480w, https:\/\/www.eurocol.it\/wp-content\/uploads\/2025\/02\/remote_controller_vista45_03-600x600.png 600w, https:\/\/www.eurocol.it\/wp-content\/uploads\/2025\/02\/remote_controller_vista45_03.png 2048w\" sizes=\"(max-width: 1024px) 100vw, 1024px\" \/>\t\t\t\t\t\t\t\t\t\t\t\t\t\t\t<\/div>\n\t\t\t\t<\/div>\n\t\t\t\t\t<\/div>\n\t\t<\/div>\n\t\t\t\t\t<\/div>\n\t\t<\/section>\n\t\t\t\t<\/div>\n\t\t","protected":false},"excerpt":{"rendered":"<div class=\"woocommerce-product-details__short-description\">\n<p><b>Alien X 3D Ready<\/b> est\u00e1 equipado con el software m\u00e1s avanzado para ofrecer un rendimiento incomparable:<\/p>\n<p><u>Adquisici\u00f3n 3D<\/u>: para im\u00e1genes detalladas y precisas en tiempo real. (opcional)<br \/>\n<u>Fusi\u00f3n<\/u>: integra im\u00e1genes tridimensionales y bidimensionales para un diagn\u00f3stico m\u00e1s preciso. (opcional)<br \/>\n<u>Sincronizaci\u00f3n<\/u>: Monitorea la posici\u00f3n de nuestra cama de im\u00e1genes CT70 T Evolution en el espacio, asegurando una sincronizaci\u00f3n perfecta. (opcional).<\/p>\n<p><b>Generadores de alta frecuencia<\/b><br \/>\nLos sistemas EPB y EPA han sido desarrollados espec\u00edficamente por Eurocolumbus para aplicaciones cl\u00ednicas que requieren picos de potencia instant\u00e1neos elevados, permitiendo extraer energ\u00eda de sistemas el\u00e9ctricos existentes equipados con tomas el\u00e9ctricas de 13-16 A.<\/p>\n<p><b>\u00bfPor qu\u00e9 no utilizamos el sistema monobloque?<\/b><br \/>\nPorque s\u00f3lo de esta manera es posible utilizar tubos con mayores capacidades an\u00f3dicas y dimensiones m\u00e1s peque\u00f1as que la tecnolog\u00eda monobloque. En un sistema monobloque, el calor producido por el tubo de rayos X se suma al producido por el generador.<\/p>\n<\/div>\n","protected":false},"featured_media":34870,"comment_status":"closed","ping_status":"closed","template":"elementor_header_footer","meta":{"inline_featured_image":false},"product_brand":[],"product_cat":[672,674],"product_tag":[675],"class_list":{"0":"post-35476","1":"product","2":"type-product","3":"status-publish","4":"has-post-thumbnail","6":"product_cat-equipment-es","7":"product_cat-eurocolumbus-es","8":"product_tag-accesorios","11":"first","12":"outofstock","13":"shipping-taxable","14":"product-type-simple"},"yoast_head":"<!-- This site is optimized with the Yoast SEO plugin v27.3 - https:\/\/yoast.com\/product\/yoast-seo-wordpress\/ -->\n<title>Remote controller - www.eurocol.it<\/title>\n<meta name=\"robots\" content=\"index, follow, max-snippet:-1, max-image-preview:large, max-video-preview:-1\" \/>\n<link rel=\"canonical\" href=\"https:\/\/www.eurocol.it\/es\/products\/remote-remota\/\" \/>\n<meta property=\"og:locale\" content=\"es_ES\" \/>\n<meta property=\"og:type\" content=\"article\" \/>\n<meta property=\"og:title\" content=\"Remote controller - www.eurocol.it\" \/>\n<meta property=\"og:description\" content=\"Alien X 3D Ready est\u00e1 equipado con el software m\u00e1s avanzado para ofrecer un rendimiento incomparable: Adquisici\u00f3n 3D: para im\u00e1genes detalladas y precisas en tiempo real. (opcional) Fusi\u00f3n: integra im\u00e1genes tridimensionales y bidimensionales para un diagn\u00f3stico m\u00e1s preciso. (opcional) Sincronizaci\u00f3n: Monitorea la posici\u00f3n de nuestra cama de im\u00e1genes CT70 T Evolution en el espacio, asegurando una sincronizaci\u00f3n perfecta. (opcional). Generadores de alta frecuencia Los sistemas EPB y EPA han sido desarrollados espec\u00edficamente por Eurocolumbus para aplicaciones cl\u00ednicas que requieren picos de potencia instant\u00e1neos elevados, permitiendo extraer energ\u00eda de sistemas el\u00e9ctricos existentes equipados con tomas el\u00e9ctricas de 13-16 A. \u00bfPor qu\u00e9 no utilizamos el sistema monobloque? Porque s\u00f3lo de esta manera es posible utilizar tubos con mayores capacidades an\u00f3dicas y dimensiones m\u00e1s peque\u00f1as que la tecnolog\u00eda monobloque. En un sistema monobloque, el calor producido por el tubo de rayos X se suma al producido por el generador.\" \/>\n<meta property=\"og:url\" content=\"https:\/\/www.eurocol.it\/es\/products\/remote-remota\/\" \/>\n<meta property=\"og:site_name\" content=\"www.eurocol.it\" \/>\n<meta property=\"article:modified_time\" content=\"2025-05-30T16:57:58+00:00\" \/>\n<meta property=\"og:image\" content=\"https:\/\/www.eurocol.it\/wp-content\/uploads\/2025\/02\/MODELLI_0001_remote_controller_vista45_03.jpg\" \/>\n\t<meta property=\"og:image:width\" content=\"1500\" \/>\n\t<meta property=\"og:image:height\" content=\"1000\" \/>\n\t<meta property=\"og:image:type\" content=\"image\/jpeg\" \/>\n<meta name=\"twitter:card\" content=\"summary_large_image\" \/>\n<script type=\"application\/ld+json\" class=\"yoast-schema-graph\">{\"@context\":\"https:\\\/\\\/schema.org\",\"@graph\":[{\"@type\":\"WebPage\",\"@id\":\"https:\\\/\\\/www.eurocol.it\\\/es\\\/products\\\/remote-remota\\\/\",\"url\":\"https:\\\/\\\/www.eurocol.it\\\/es\\\/products\\\/remote-remota\\\/\",\"name\":\"Remote controller - www.eurocol.it\",\"isPartOf\":{\"@id\":\"https:\\\/\\\/eurocol.it\\\/#website\"},\"primaryImageOfPage\":{\"@id\":\"https:\\\/\\\/www.eurocol.it\\\/es\\\/products\\\/remote-remota\\\/#primaryimage\"},\"image\":{\"@id\":\"https:\\\/\\\/www.eurocol.it\\\/es\\\/products\\\/remote-remota\\\/#primaryimage\"},\"thumbnailUrl\":\"https:\\\/\\\/www.eurocol.it\\\/wp-content\\\/uploads\\\/2025\\\/02\\\/MODELLI_0001_remote_controller_vista45_03.jpg\",\"datePublished\":\"2025-01-11T14:41:13+00:00\",\"dateModified\":\"2025-05-30T16:57:58+00:00\",\"breadcrumb\":{\"@id\":\"https:\\\/\\\/www.eurocol.it\\\/es\\\/products\\\/remote-remota\\\/#breadcrumb\"},\"inLanguage\":\"es\",\"potentialAction\":[{\"@type\":\"ReadAction\",\"target\":[\"https:\\\/\\\/www.eurocol.it\\\/es\\\/products\\\/remote-remota\\\/\"]}]},{\"@type\":\"ImageObject\",\"inLanguage\":\"es\",\"@id\":\"https:\\\/\\\/www.eurocol.it\\\/es\\\/products\\\/remote-remota\\\/#primaryimage\",\"url\":\"https:\\\/\\\/www.eurocol.it\\\/wp-content\\\/uploads\\\/2025\\\/02\\\/MODELLI_0001_remote_controller_vista45_03.jpg\",\"contentUrl\":\"https:\\\/\\\/www.eurocol.it\\\/wp-content\\\/uploads\\\/2025\\\/02\\\/MODELLI_0001_remote_controller_vista45_03.jpg\",\"width\":1500,\"height\":1000},{\"@type\":\"BreadcrumbList\",\"@id\":\"https:\\\/\\\/www.eurocol.it\\\/es\\\/products\\\/remote-remota\\\/#breadcrumb\",\"itemListElement\":[{\"@type\":\"ListItem\",\"position\":1,\"name\":\"Home\",\"item\":\"https:\\\/\\\/www.eurocol.it\\\/es\\\/\"},{\"@type\":\"ListItem\",\"position\":2,\"name\":\"Productos\",\"item\":\"https:\\\/\\\/www.eurocol.it\\\/es\\\/shop\\\/\"},{\"@type\":\"ListItem\",\"position\":3,\"name\":\"Remote controller\"}]},{\"@type\":\"WebSite\",\"@id\":\"https:\\\/\\\/eurocol.it\\\/#website\",\"url\":\"https:\\\/\\\/eurocol.it\\\/\",\"name\":\"Eurocolumbus c-arm evolution\",\"description\":\"C-arm evolution\",\"publisher\":{\"@id\":\"https:\\\/\\\/eurocol.it\\\/#organization\"},\"alternateName\":\"EC\",\"potentialAction\":[{\"@type\":\"SearchAction\",\"target\":{\"@type\":\"EntryPoint\",\"urlTemplate\":\"https:\\\/\\\/eurocol.it\\\/?s={search_term_string}\"},\"query-input\":{\"@type\":\"PropertyValueSpecification\",\"valueRequired\":true,\"valueName\":\"search_term_string\"}}],\"inLanguage\":\"es\"},{\"@type\":\"Organization\",\"@id\":\"https:\\\/\\\/eurocol.it\\\/#organization\",\"name\":\"Eurocolumbus Srl\",\"alternateName\":\"EC\",\"url\":\"https:\\\/\\\/eurocol.it\\\/\",\"logo\":{\"@type\":\"ImageObject\",\"inLanguage\":\"es\",\"@id\":\"https:\\\/\\\/eurocol.it\\\/#\\\/schema\\\/logo\\\/image\\\/\",\"url\":\"https:\\\/\\\/www.eurocol.it\\\/wp-content\\\/uploads\\\/2024\\\/09\\\/ec_logo_2x.png\",\"contentUrl\":\"https:\\\/\\\/www.eurocol.it\\\/wp-content\\\/uploads\\\/2024\\\/09\\\/ec_logo_2x.png\",\"width\":340,\"height\":76,\"caption\":\"Eurocolumbus Srl\"},\"image\":{\"@id\":\"https:\\\/\\\/eurocol.it\\\/#\\\/schema\\\/logo\\\/image\\\/\"}}]}<\/script>\n<!-- \/ Yoast SEO plugin. -->","yoast_head_json":{"title":"Remote controller - www.eurocol.it","robots":{"index":"index","follow":"follow","max-snippet":"max-snippet:-1","max-image-preview":"max-image-preview:large","max-video-preview":"max-video-preview:-1"},"canonical":"https:\/\/www.eurocol.it\/es\/products\/remote-remota\/","og_locale":"es_ES","og_type":"article","og_title":"Remote controller - www.eurocol.it","og_description":"Alien X 3D Ready est\u00e1 equipado con el software m\u00e1s avanzado para ofrecer un rendimiento incomparable: Adquisici\u00f3n 3D: para im\u00e1genes detalladas y precisas en tiempo real. (opcional) Fusi\u00f3n: integra im\u00e1genes tridimensionales y bidimensionales para un diagn\u00f3stico m\u00e1s preciso. (opcional) Sincronizaci\u00f3n: Monitorea la posici\u00f3n de nuestra cama de im\u00e1genes CT70 T Evolution en el espacio, asegurando una sincronizaci\u00f3n perfecta. (opcional). Generadores de alta frecuencia Los sistemas EPB y EPA han sido desarrollados espec\u00edficamente por Eurocolumbus para aplicaciones cl\u00ednicas que requieren picos de potencia instant\u00e1neos elevados, permitiendo extraer energ\u00eda de sistemas el\u00e9ctricos existentes equipados con tomas el\u00e9ctricas de 13-16 A. \u00bfPor qu\u00e9 no utilizamos el sistema monobloque? Porque s\u00f3lo de esta manera es posible utilizar tubos con mayores capacidades an\u00f3dicas y dimensiones m\u00e1s peque\u00f1as que la tecnolog\u00eda monobloque. En un sistema monobloque, el calor producido por el tubo de rayos X se suma al producido por el generador.","og_url":"https:\/\/www.eurocol.it\/es\/products\/remote-remota\/","og_site_name":"www.eurocol.it","article_modified_time":"2025-05-30T16:57:58+00:00","og_image":[{"width":1500,"height":1000,"url":"https:\/\/www.eurocol.it\/wp-content\/uploads\/2025\/02\/MODELLI_0001_remote_controller_vista45_03.jpg","type":"image\/jpeg"}],"twitter_card":"summary_large_image","schema":{"@context":"https:\/\/schema.org","@graph":[{"@type":"WebPage","@id":"https:\/\/www.eurocol.it\/es\/products\/remote-remota\/","url":"https:\/\/www.eurocol.it\/es\/products\/remote-remota\/","name":"Remote controller - www.eurocol.it","isPartOf":{"@id":"https:\/\/eurocol.it\/#website"},"primaryImageOfPage":{"@id":"https:\/\/www.eurocol.it\/es\/products\/remote-remota\/#primaryimage"},"image":{"@id":"https:\/\/www.eurocol.it\/es\/products\/remote-remota\/#primaryimage"},"thumbnailUrl":"https:\/\/www.eurocol.it\/wp-content\/uploads\/2025\/02\/MODELLI_0001_remote_controller_vista45_03.jpg","datePublished":"2025-01-11T14:41:13+00:00","dateModified":"2025-05-30T16:57:58+00:00","breadcrumb":{"@id":"https:\/\/www.eurocol.it\/es\/products\/remote-remota\/#breadcrumb"},"inLanguage":"es","potentialAction":[{"@type":"ReadAction","target":["https:\/\/www.eurocol.it\/es\/products\/remote-remota\/"]}]},{"@type":"ImageObject","inLanguage":"es","@id":"https:\/\/www.eurocol.it\/es\/products\/remote-remota\/#primaryimage","url":"https:\/\/www.eurocol.it\/wp-content\/uploads\/2025\/02\/MODELLI_0001_remote_controller_vista45_03.jpg","contentUrl":"https:\/\/www.eurocol.it\/wp-content\/uploads\/2025\/02\/MODELLI_0001_remote_controller_vista45_03.jpg","width":1500,"height":1000},{"@type":"BreadcrumbList","@id":"https:\/\/www.eurocol.it\/es\/products\/remote-remota\/#breadcrumb","itemListElement":[{"@type":"ListItem","position":1,"name":"Home","item":"https:\/\/www.eurocol.it\/es\/"},{"@type":"ListItem","position":2,"name":"Productos","item":"https:\/\/www.eurocol.it\/es\/shop\/"},{"@type":"ListItem","position":3,"name":"Remote controller"}]},{"@type":"WebSite","@id":"https:\/\/eurocol.it\/#website","url":"https:\/\/eurocol.it\/","name":"Eurocolumbus c-arm evolution","description":"C-arm evolution","publisher":{"@id":"https:\/\/eurocol.it\/#organization"},"alternateName":"EC","potentialAction":[{"@type":"SearchAction","target":{"@type":"EntryPoint","urlTemplate":"https:\/\/eurocol.it\/?s={search_term_string}"},"query-input":{"@type":"PropertyValueSpecification","valueRequired":true,"valueName":"search_term_string"}}],"inLanguage":"es"},{"@type":"Organization","@id":"https:\/\/eurocol.it\/#organization","name":"Eurocolumbus Srl","alternateName":"EC","url":"https:\/\/eurocol.it\/","logo":{"@type":"ImageObject","inLanguage":"es","@id":"https:\/\/eurocol.it\/#\/schema\/logo\/image\/","url":"https:\/\/www.eurocol.it\/wp-content\/uploads\/2024\/09\/ec_logo_2x.png","contentUrl":"https:\/\/www.eurocol.it\/wp-content\/uploads\/2024\/09\/ec_logo_2x.png","width":340,"height":76,"caption":"Eurocolumbus Srl"},"image":{"@id":"https:\/\/eurocol.it\/#\/schema\/logo\/image\/"}}]}},"_links":{"self":[{"href":"https:\/\/www.eurocol.it\/es\/wp-json\/wp\/v2\/product\/35476","targetHints":{"allow":["GET"]}}],"collection":[{"href":"https:\/\/www.eurocol.it\/es\/wp-json\/wp\/v2\/product"}],"about":[{"href":"https:\/\/www.eurocol.it\/es\/wp-json\/wp\/v2\/types\/product"}],"replies":[{"embeddable":true,"href":"https:\/\/www.eurocol.it\/es\/wp-json\/wp\/v2\/comments?post=35476"}],"version-history":[{"count":3,"href":"https:\/\/www.eurocol.it\/es\/wp-json\/wp\/v2\/product\/35476\/revisions"}],"predecessor-version":[{"id":35481,"href":"https:\/\/www.eurocol.it\/es\/wp-json\/wp\/v2\/product\/35476\/revisions\/35481"}],"wp:featuredmedia":[{"embeddable":true,"href":"https:\/\/www.eurocol.it\/es\/wp-json\/wp\/v2\/media\/34870"}],"wp:attachment":[{"href":"https:\/\/www.eurocol.it\/es\/wp-json\/wp\/v2\/media?parent=35476"}],"wp:term":[{"taxonomy":"product_brand","embeddable":true,"href":"https:\/\/www.eurocol.it\/es\/wp-json\/wp\/v2\/product_brand?post=35476"},{"taxonomy":"product_cat","embeddable":true,"href":"https:\/\/www.eurocol.it\/es\/wp-json\/wp\/v2\/product_cat?post=35476"},{"taxonomy":"product_tag","embeddable":true,"href":"https:\/\/www.eurocol.it\/es\/wp-json\/wp\/v2\/product_tag?post=35476"}],"curies":[{"name":"wp","href":"https:\/\/api.w.org\/{rel}","templated":true}]}}